{"id":2775,"date":"2024-11-01T00:45:59","date_gmt":"2024-11-01T00:45:59","guid":{"rendered":"https:\/\/recursosytecnologia.com.co\/?page_id=2775"},"modified":"2024-11-01T19:32:00","modified_gmt":"2024-11-01T19:32:00","slug":"relacionamiento-de-rt-con-la-comunidad-local","status":"publish","type":"page","link":"https:\/\/recursosytecnologia.com.co\/index.php\/relacionamiento-de-rt-con-la-comunidad-local\/","title":{"rendered":"R&#038;T Y LA COMUNIDAD"},"content":{"rendered":"\t\t<div data-elementor-type=\"wp-post\" data-elementor-id=\"2775\" class=\"elementor elementor-2775\" data-elementor-settings=\"[]\">\n\t\t\t\t\t\t<div class=\"elementor-inner\">\n\t\t\t\t\t\t\t<div class=\"elementor-section-wrap\">\n\t\t\t\t\t\t\t<section class=\"elementor-section elementor-top-section elementor-element elementor-element-12840af elementor-section-boxed elementor-section-height-default elementor-section-height-default\" data-id=\"12840af\" data-element_type=\"section\">\n\t\t\t\t\t\t<div class=\"elementor-container elementor-column-gap-default\">\n\t\t\t\t\t\t\t<div class=\"elementor-row\">\n\t\t\t\t\t<div class=\"elementor-column elementor-col-100 elementor-top-column elementor-element elementor-element-2ab616c\" data-id=\"2ab616c\" data-element_type=\"column\">\n\t\t\t<div class=\"elementor-column-wrap elementor-element-populated\">\n\t\t\t\t\t\t\t<div class=\"elementor-widget-wrap\">\n\t\t\t\t\t\t<div class=\"elementor-element elementor-element-309906c elementor-widget elementor-widget-image\" data-id=\"309906c\" data-element_type=\"widget\" data-widget_type=\"image.default\">\n\t\t\t\t<div class=\"elementor-widget-container\">\n\t\t\t\t\t<div class=\"elementor-image\">\n\t\t\t\t\t\t\t\t\t\t\t<a href=\"https:\/\/recursosytecnologia.com.co\/\">\n\t\t\t\t\t\t\t<img loading=\"lazy\" decoding=\"async\" width=\"640\" height=\"263\" src=\"https:\/\/recursosytecnologia.com.co\/wp-content\/uploads\/2019\/02\/logoRYTFINAL-768x315.png\" class=\"attachment-medium_large size-medium_large\" alt=\"\" srcset=\"https:\/\/recursosytecnologia.com.co\/wp-content\/uploads\/2019\/02\/logoRYTFINAL-768x315.png 768w, https:\/\/recursosytecnologia.com.co\/wp-content\/uploads\/2019\/02\/logoRYTFINAL-300x123.png 300w, https:\/\/recursosytecnologia.com.co\/wp-content\/uploads\/2019\/02\/logoRYTFINAL-1024x420.png 1024w, https:\/\/recursosytecnologia.com.co\/wp-content\/uploads\/2019\/02\/logoRYTFINAL-1568x642.png 1568w, https:\/\/recursosytecnologia.com.co\/wp-content\/uploads\/2019\/02\/logoRYTFINAL.png 1606w\" sizes=\"auto, (max-width: 34.9rem) calc(100vw - 2rem), (max-width: 53rem) calc(8 * (100vw \/ 12)), (min-width: 53rem) calc(6 * (100vw \/ 12)), 100vw\" \/>\t\t\t\t\t\t\t\t<\/a>\n\t\t\t\t\t\t\t\t\t\t\t<\/div>\n\t\t\t\t<\/div>\n\t\t\t\t<\/div>\n\t\t\t\t\t\t<\/div>\n\t\t\t\t\t<\/div>\n\t\t<\/div>\n\t\t\t\t\t\t\t\t<\/div>\n\t\t\t\t\t<\/div>\n\t\t<\/section>\n\t\t\t\t<section class=\"elementor-section elementor-top-section elementor-element elementor-element-b95e7da elementor-section-boxed elementor-section-height-default elementor-section-height-default elementor-invisible\" data-id=\"b95e7da\" data-element_type=\"section\" data-settings=\"{&quot;animation&quot;:&quot;fadeInLeft&quot;}\">\n\t\t\t\t\t\t<div class=\"elementor-container elementor-column-gap-default\">\n\t\t\t\t\t\t\t<div class=\"elementor-row\">\n\t\t\t\t\t<div class=\"elementor-column elementor-col-100 elementor-top-column elementor-element elementor-element-4021c767\" data-id=\"4021c767\" data-element_type=\"column\">\n\t\t\t<div class=\"elementor-column-wrap elementor-element-populated\">\n\t\t\t\t\t\t\t<div class=\"elementor-widget-wrap\">\n\t\t\t\t\t\t<div class=\"elementor-element elementor-element-52c13d22 elementor-widget elementor-widget-heading\" data-id=\"52c13d22\" data-element_type=\"widget\" data-widget_type=\"heading.default\">\n\t\t\t\t<div class=\"elementor-widget-container\">\n\t\t\t<h3 class=\"elementor-heading-title elementor-size-default\">RELACIONAMIENTO <br>CON LA COMUNIDAD<\/h3>\t\t<\/div>\n\t\t\t\t<\/div>\n\t\t\t\t<div class=\"elementor-element elementor-element-79060c4 elementor-widget elementor-widget-text-editor\" data-id=\"79060c4\" data-element_type=\"widget\" data-widget_type=\"text-editor.default\">\n\t\t\t\t<div class=\"elementor-widget-container\">\n\t\t\t\t\t<div class=\"elementor-text-editor elementor-clearfix\"><p>Recursos &amp; Tecnolog\u00eda SAS, como parte de su pol\u00edtica de comunicaci\u00f3n con la comunidad m\u00e1s cercana; se responsabiliza del impacto que pueda ocasionar el desarrollo de su actividad empresarial con la comunidad al rededor del Edificio Calle 100. Es por esto; que abrimos este canal de comunicaci\u00f3n de acceso p\u00fablico, para recibir denuncias o sugerencias relacionadas con su operaci\u00f3n. R&amp;T se compromete dentro de los plazos de ley, a responder a cada una de las inquietudes que se reciban a trav\u00e9s de comunicaci\u00f3n v\u00eda celular o WhatsApp, inicia la conversaci\u00f3n con nosotros dando clic en el siguiente icono.<\/p><\/div>\n\t\t\t\t<\/div>\n\t\t\t\t<\/div>\n\t\t\t\t<div class=\"elementor-element elementor-element-df31228 elementor-widget elementor-widget-image\" data-id=\"df31228\" data-element_type=\"widget\" data-widget_type=\"image.default\">\n\t\t\t\t<div class=\"elementor-widget-container\">\n\t\t\t\t\t<div class=\"elementor-image\">\n\t\t\t\t\t\t\t\t\t\t\t<a href=\"https:\/\/api.whatsapp.com\/send?phone=57%20316%20430%208339&#038;text=Bienvenido,%20a%20trav\u00e9s%20del%20siguiente%20canal%20de%20comunicaci\u00f3n,%20resolvemos%20y%20atendemos%20tus%20dudas;%20\u00bfque%20nos%20quieres%20contar?\" target=\"_blank\">\n\t\t\t\t\t\t\t<img loading=\"lazy\" decoding=\"async\" width=\"150\" height=\"150\" src=\"https:\/\/recursosytecnologia.com.co\/wp-content\/uploads\/2024\/11\/telefono-inteligente-150x150.png\" class=\"attachment-thumbnail size-thumbnail\" alt=\"\" srcset=\"https:\/\/recursosytecnologia.com.co\/wp-content\/uploads\/2024\/11\/telefono-inteligente-150x150.png 150w, https:\/\/recursosytecnologia.com.co\/wp-content\/uploads\/2024\/11\/telefono-inteligente-300x300.png 300w, https:\/\/recursosytecnologia.com.co\/wp-content\/uploads\/2024\/11\/telefono-inteligente.png 512w\" sizes=\"auto, (max-width: 34.9rem) calc(100vw - 2rem), (max-width: 53rem) calc(8 * (100vw \/ 12)), (min-width: 53rem) calc(6 * (100vw \/ 12)), 100vw\" \/>\t\t\t\t\t\t\t\t<\/a>\n\t\t\t\t\t\t\t\t\t\t\t<\/div>\n\t\t\t\t<\/div>\n\t\t\t\t<\/div>\n\t\t\t\t\t\t<\/div>\n\t\t\t\t\t<\/div>\n\t\t<\/div>\n\t\t\t\t\t\t\t\t<\/div>\n\t\t\t\t\t<\/div>\n\t\t<\/section>\n\t\t\t\t<section class=\"elementor-section elementor-top-section elementor-element elementor-element-36d7ba9 elementor-section-boxed elementor-section-height-default elementor-section-height-default\" data-id=\"36d7ba9\" data-element_type=\"section\" data-settings=\"{&quot;background_background&quot;:&quot;classic&quot;}\">\n\t\t\t\t\t\t<div class=\"elementor-container elementor-column-gap-default\">\n\t\t\t\t\t\t\t<div class=\"elementor-row\">\n\t\t\t\t\t<div class=\"elementor-column elementor-col-100 elementor-top-column elementor-element elementor-element-226c977\" data-id=\"226c977\" data-element_type=\"column\">\n\t\t\t<div class=\"elementor-column-wrap elementor-element-populated\">\n\t\t\t\t\t\t\t<div class=\"elementor-widget-wrap\">\n\t\t\t\t\t\t<div class=\"elementor-element elementor-element-1a28921c elementor-widget elementor-widget-text-editor\" data-id=\"1a28921c\" data-element_type=\"widget\" data-widget_type=\"text-editor.default\">\n\t\t\t\t<div class=\"elementor-widget-container\">\n\t\t\t\t\t<div class=\"elementor-text-editor elementor-clearfix\"><p><strong style=\"font-size: 1em;\">\ud83d\uddfa\ufe0f\u00a0Calle 98 #22-64 ofc 1015 Bogot\u00e1 D.C.<\/strong><\/p><p><strong>\ud83d\udcde 316-4308339 \/ 317-6433207<\/strong><\/p><p><strong style=\"text-align: center;\">\u2709\ufe0f ryt@recursosytecnologia.com.co<\/strong><\/p><\/div>\n\t\t\t\t<\/div>\n\t\t\t\t<\/div>\n\t\t\t\t\t\t<\/div>\n\t\t\t\t\t<\/div>\n\t\t<\/div>\n\t\t\t\t\t\t\t\t<\/div>\n\t\t\t\t\t<\/div>\n\t\t<\/section>\n\t\t\t\t\t\t<\/div>\n\t\t\t\t\t\t<\/div>\n\t\t\t\t\t<\/div>\n\t\t","protected":false},"excerpt":{"rendered":"<p>RELACIONAMIENTO CON LA COMUNIDAD Recursos &amp; Tecnolog\u00eda SAS, como parte de su pol\u00edtica de comunicaci\u00f3n con la comunidad m\u00e1s cercana; se responsabiliza del impacto que pueda ocasionar el desarrollo de su actividad empresarial con la comunidad al rededor del Edificio Calle 100. Es por esto; que abrimos este canal de comunicaci\u00f3n de acceso p\u00fablico, para [&hellip;]<\/p>\n","protected":false},"author":1,"featured_media":0,"parent":0,"menu_order":0,"comment_status":"closed","ping_status":"closed","template":"elementor_canvas","meta":{"_joinchat":[],"footnotes":""},"class_list":["post-2775","page","type-page","status-publish","hentry","entry"],"_links":{"self":[{"href":"https:\/\/recursosytecnologia.com.co\/index.php\/wp-json\/wp\/v2\/pages\/2775","targetHints":{"allow":["GET"]}}],"collection":[{"href":"https:\/\/recursosytecnologia.com.co\/index.php\/wp-json\/wp\/v2\/pages"}],"about":[{"href":"https:\/\/recursosytecnologia.com.co\/index.php\/wp-json\/wp\/v2\/types\/page"}],"author":[{"embeddable":true,"href":"https:\/\/recursosytecnologia.com.co\/index.php\/wp-json\/wp\/v2\/users\/1"}],"replies":[{"embeddable":true,"href":"https:\/\/recursosytecnologia.com.co\/index.php\/wp-json\/wp\/v2\/comments?post=2775"}],"version-history":[{"count":136,"href":"https:\/\/recursosytecnologia.com.co\/index.php\/wp-json\/wp\/v2\/pages\/2775\/revisions"}],"predecessor-version":[{"id":2938,"href":"https:\/\/recursosytecnologia.com.co\/index.php\/wp-json\/wp\/v2\/pages\/2775\/revisions\/2938"}],"wp:attachment":[{"href":"https:\/\/recursosytecnologia.com.co\/index.php\/wp-json\/wp\/v2\/media?parent=2775"}],"curies":[{"name":"wp","href":"https:\/\/api.w.org\/{rel}","templated":true}]}}