{"id":247,"date":"2020-03-02T11:36:02","date_gmt":"2020-03-02T11:36:02","guid":{"rendered":"https:\/\/recursosytecnologia.com.co\/?page_id=247"},"modified":"2020-05-13T17:58:29","modified_gmt":"2020-05-13T17:58:29","slug":"sectigo","status":"publish","type":"page","link":"https:\/\/recursosytecnologia.com.co\/index.php\/sectigo\/","title":{"rendered":"Sectigo"},"content":{"rendered":"\t\t<div data-elementor-type=\"wp-post\" data-elementor-id=\"247\" class=\"elementor elementor-247\" data-elementor-settings=\"[]\">\n\t\t\t\t\t\t<div class=\"elementor-inner\">\n\t\t\t\t\t\t\t<div class=\"elementor-section-wrap\">\n\t\t\t\t\t\t\t<section class=\"elementor-section elementor-top-section elementor-element elementor-element-8ce1d05 elementor-section-boxed elementor-section-height-default elementor-section-height-default\" data-id=\"8ce1d05\" data-element_type=\"section\" data-settings=\"{&quot;background_background&quot;:&quot;classic&quot;}\">\n\t\t\t\t\t\t<div class=\"elementor-container elementor-column-gap-default\">\n\t\t\t\t\t\t\t<div class=\"elementor-row\">\n\t\t\t\t\t<div class=\"elementor-column elementor-col-100 elementor-top-column elementor-element elementor-element-8921312\" data-id=\"8921312\" data-element_type=\"column\">\n\t\t\t<div class=\"elementor-column-wrap elementor-element-populated\">\n\t\t\t\t\t\t\t<div class=\"elementor-widget-wrap\">\n\t\t\t\t\t\t<div class=\"elementor-element elementor-element-2637784 elementor-widget elementor-widget-image\" data-id=\"2637784\" data-element_type=\"widget\" data-widget_type=\"image.default\">\n\t\t\t\t<div class=\"elementor-widget-container\">\n\t\t\t\t\t<div class=\"elementor-image\">\n\t\t\t\t\t\t\t\t\t\t<img loading=\"lazy\" decoding=\"async\" width=\"640\" height=\"132\" src=\"https:\/\/recursosytecnologia.com.co\/wp-content\/uploads\/2020\/03\/logoryt-1024x211.png\" class=\"attachment-large size-large\" alt=\"\" srcset=\"https:\/\/recursosytecnologia.com.co\/wp-content\/uploads\/2020\/03\/logoryt-1024x211.png 1024w, https:\/\/recursosytecnologia.com.co\/wp-content\/uploads\/2020\/03\/logoryt-300x62.png 300w, https:\/\/recursosytecnologia.com.co\/wp-content\/uploads\/2020\/03\/logoryt-768x158.png 768w, https:\/\/recursosytecnologia.com.co\/wp-content\/uploads\/2020\/03\/logoryt-1568x323.png 1568w\" sizes=\"auto, (max-width: 34.9rem) calc(100vw - 2rem), (max-width: 53rem) calc(8 * (100vw \/ 12)), (min-width: 53rem) calc(6 * (100vw \/ 12)), 100vw\" \/>\t\t\t\t\t\t\t\t\t\t\t<\/div>\n\t\t\t\t<\/div>\n\t\t\t\t<\/div>\n\t\t\t\t\t\t<\/div>\n\t\t\t\t\t<\/div>\n\t\t<\/div>\n\t\t\t\t\t\t\t\t<\/div>\n\t\t\t\t\t<\/div>\n\t\t<\/section>\n\t\t\t\t<section class=\"elementor-section elementor-top-section elementor-element elementor-element-bb92e54 elementor-section-boxed elementor-section-height-default elementor-section-height-default\" data-id=\"bb92e54\" data-element_type=\"section\" data-settings=\"{&quot;background_background&quot;:&quot;classic&quot;}\">\n\t\t\t\t\t\t\t<div class=\"elementor-background-overlay\"><\/div>\n\t\t\t\t\t\t\t<div class=\"elementor-container elementor-column-gap-default\">\n\t\t\t\t\t\t\t<div class=\"elementor-row\">\n\t\t\t\t\t<div class=\"elementor-column elementor-col-50 elementor-top-column elementor-element elementor-element-b464ab8\" data-id=\"b464ab8\" data-element_type=\"column\">\n\t\t\t<div class=\"elementor-column-wrap elementor-element-populated\">\n\t\t\t\t\t\t\t<div class=\"elementor-widget-wrap\">\n\t\t\t\t\t\t<div class=\"elementor-element elementor-element-84c6398 elementor-widget elementor-widget-spacer\" data-id=\"84c6398\" data-element_type=\"widget\" data-widget_type=\"spacer.default\">\n\t\t\t\t<div class=\"elementor-widget-container\">\n\t\t\t\t\t<div class=\"elementor-spacer\">\n\t\t\t<div class=\"elementor-spacer-inner\"><\/div>\n\t\t<\/div>\n\t\t\t\t<\/div>\n\t\t\t\t<\/div>\n\t\t\t\t<div class=\"elementor-element elementor-element-4f8e33e elementor-widget elementor-widget-text-editor\" data-id=\"4f8e33e\" data-element_type=\"widget\" data-widget_type=\"text-editor.default\">\n\t\t\t\t<div class=\"elementor-widget-container\">\n\t\t\t\t\t<div class=\"elementor-text-editor elementor-clearfix\"><p>Seguro hoy<\/p><\/div>\n\t\t\t\t<\/div>\n\t\t\t\t<\/div>\n\t\t\t\t<div class=\"elementor-element elementor-element-848b964 elementor-widget elementor-widget-text-editor\" data-id=\"848b964\" data-element_type=\"widget\" data-widget_type=\"text-editor.default\">\n\t\t\t\t<div class=\"elementor-widget-container\">\n\t\t\t\t\t<div class=\"elementor-text-editor elementor-clearfix\"><p>Aprovecha el ma\u00f1ana<\/p><\/div>\n\t\t\t\t<\/div>\n\t\t\t\t<\/div>\n\t\t\t\t<div class=\"elementor-element elementor-element-1a67707 elementor-widget elementor-widget-text-editor\" data-id=\"1a67707\" data-element_type=\"widget\" data-widget_type=\"text-editor.default\">\n\t\t\t\t<div class=\"elementor-widget-container\">\n\t\t\t\t\t<div class=\"elementor-text-editor elementor-clearfix\"><p>Certificados Digitales que cumplen con los m\u00e1s altos est\u00e1ndares de seguridad<\/p><\/div>\n\t\t\t\t<\/div>\n\t\t\t\t<\/div>\n\t\t\t\t<div class=\"elementor-element elementor-element-0066c80 elementor-widget elementor-widget-spacer\" data-id=\"0066c80\" data-element_type=\"widget\" data-widget_type=\"spacer.default\">\n\t\t\t\t<div class=\"elementor-widget-container\">\n\t\t\t\t\t<div class=\"elementor-spacer\">\n\t\t\t<div class=\"elementor-spacer-inner\"><\/div>\n\t\t<\/div>\n\t\t\t\t<\/div>\n\t\t\t\t<\/div>\n\t\t\t\t\t\t<\/div>\n\t\t\t\t\t<\/div>\n\t\t<\/div>\n\t\t\t\t<div class=\"elementor-column elementor-col-50 elementor-top-column elementor-element elementor-element-af7b2d6\" data-id=\"af7b2d6\" data-element_type=\"column\">\n\t\t\t<div class=\"elementor-column-wrap\">\n\t\t\t\t\t\t\t<div class=\"elementor-widget-wrap\">\n\t\t\t\t\t\t\t\t<\/div>\n\t\t\t\t\t<\/div>\n\t\t<\/div>\n\t\t\t\t\t\t\t\t<\/div>\n\t\t\t\t\t<\/div>\n\t\t<\/section>\n\t\t\t\t<section class=\"elementor-section elementor-top-section elementor-element elementor-element-020d33a elementor-section-boxed elementor-section-height-default elementor-section-height-default\" data-id=\"020d33a\" data-element_type=\"section\">\n\t\t\t\t\t\t<div class=\"elementor-container elementor-column-gap-default\">\n\t\t\t\t\t\t\t<div class=\"elementor-row\">\n\t\t\t\t\t<div class=\"elementor-column elementor-col-100 elementor-top-column elementor-element elementor-element-75ef7ac\" data-id=\"75ef7ac\" data-element_type=\"column\">\n\t\t\t<div class=\"elementor-column-wrap elementor-element-populated\">\n\t\t\t\t\t\t\t<div class=\"elementor-widget-wrap\">\n\t\t\t\t\t\t<div class=\"elementor-element elementor-element-1df7f02 elementor-widget elementor-widget-text-editor\" data-id=\"1df7f02\" data-element_type=\"widget\" data-widget_type=\"text-editor.default\">\n\t\t\t\t<div class=\"elementor-widget-container\">\n\t\t\t\t\t<div class=\"elementor-text-editor elementor-clearfix\"><p style=\"text-align: center;\">CERTIFICADOS SSL<\/p><\/div>\n\t\t\t\t<\/div>\n\t\t\t\t<\/div>\n\t\t\t\t<section class=\"elementor-section elementor-inner-section elementor-element elementor-element-316ab08 elementor-section-boxed elementor-section-height-default elementor-section-height-default\" data-id=\"316ab08\" data-element_type=\"section\">\n\t\t\t\t\t\t<div class=\"elementor-container elementor-column-gap-default\">\n\t\t\t\t\t\t\t<div class=\"elementor-row\">\n\t\t\t\t\t<div class=\"elementor-column elementor-col-50 elementor-inner-column elementor-element elementor-element-0788d06\" data-id=\"0788d06\" data-element_type=\"column\">\n\t\t\t<div class=\"elementor-column-wrap elementor-element-populated\">\n\t\t\t\t\t\t\t<div class=\"elementor-widget-wrap\">\n\t\t\t\t\t\t<div class=\"elementor-element elementor-element-b4ba037 elementor-widget elementor-widget-text-editor\" data-id=\"b4ba037\" data-element_type=\"widget\" data-widget_type=\"text-editor.default\">\n\t\t\t\t<div class=\"elementor-widget-container\">\n\t\t\t\t\t<div class=\"elementor-text-editor elementor-clearfix\">\u00a1Asegure su sitio web hoy!<\/p><\/div>\n\t\t\t\t<\/div>\n\t\t\t\t<\/div>\n\t\t\t\t\t\t<\/div>\n\t\t\t\t\t<\/div>\n\t\t<\/div>\n\t\t\t\t<div class=\"elementor-column elementor-col-50 elementor-inner-column elementor-element elementor-element-089f8c7\" data-id=\"089f8c7\" data-element_type=\"column\">\n\t\t\t<div class=\"elementor-column-wrap elementor-element-populated\">\n\t\t\t\t\t\t\t<div class=\"elementor-widget-wrap\">\n\t\t\t\t\t\t<div class=\"elementor-element elementor-element-0130688 elementor-widget elementor-widget-toggle\" data-id=\"0130688\" data-element_type=\"widget\" data-widget_type=\"toggle.default\">\n\t\t\t\t<div class=\"elementor-widget-container\">\n\t\t\t\t\t<div class=\"elementor-toggle\" role=\"tablist\">\n\t\t\t\t\t\t\t<div class=\"elementor-toggle-item\">\n\t\t\t\t\t<div id=\"elementor-tab-title-1241\" class=\"elementor-tab-title\" data-tab=\"1\" role=\"tab\" aria-controls=\"elementor-tab-content-1241\">\n\t\t\t\t\t\t\t\t\t\t\t\t<span class=\"elementor-toggle-icon elementor-toggle-icon-left\" aria-hidden=\"true\">\n\t\t\t\t\t\t\t\t\t\t\t\t\t\t\t<span class=\"elementor-toggle-icon-closed\"><i class=\"fas fa-caret-right\"><\/i><\/span>\n\t\t\t\t\t\t\t\t<span class=\"elementor-toggle-icon-opened\"><i class=\"elementor-toggle-icon-opened fas fa-caret-up\"><\/i><\/span>\n\t\t\t\t\t\t\t\t\t\t\t\t\t<\/span>\n\t\t\t\t\t\t\t\t\t\t\t\t<a href=\"\" class=\"elementor-toggle-title\">SSL de validaci\u00f3n extendida (EV)<\/a>\n\t\t\t\t\t<\/div>\n\t\t\t\t\t<div id=\"elementor-tab-content-1241\" class=\"elementor-tab-content elementor-clearfix\" data-tab=\"1\" role=\"tabpanel\" aria-labelledby=\"elementor-tab-title-1241\"><div class=\"large-hero__heading\">Agregue el nombre de su empresa a la interfaz del navegador en la barra de direcciones de marca habilitada por EV SSL. Aumente la confianza del usuario y las tasas de transacci\u00f3n mostrando su verdadera identidad en l\u00ednea.<\/div><p><img loading=\"lazy\" decoding=\"async\" class=\"alignnone size-medium wp-image-302\" src=\"https:\/\/recursosytecnologia.com.co\/wp-content\/uploads\/2020\/05\/Certificados-de-validaci\u00f3n-de-dominio-Sectigo-300x202.png\" alt=\"\" width=\"300\" height=\"202\" srcset=\"https:\/\/recursosytecnologia.com.co\/wp-content\/uploads\/2020\/05\/Certificados-de-validaci\u00f3n-de-dominio-Sectigo-300x202.png 300w, https:\/\/recursosytecnologia.com.co\/wp-content\/uploads\/2020\/05\/Certificados-de-validaci\u00f3n-de-dominio-Sectigo-768x517.png 768w, https:\/\/recursosytecnologia.com.co\/wp-content\/uploads\/2020\/05\/Certificados-de-validaci\u00f3n-de-dominio-Sectigo-1024x690.png 1024w, https:\/\/recursosytecnologia.com.co\/wp-content\/uploads\/2020\/05\/Certificados-de-validaci\u00f3n-de-dominio-Sectigo.png 1376w\" sizes=\"auto, (max-width: 300px) 100vw, 300px\" \/> <img loading=\"lazy\" decoding=\"async\" class=\"alignnone size-medium wp-image-303\" src=\"https:\/\/recursosytecnologia.com.co\/wp-content\/uploads\/2020\/05\/Certificados-de-validaci\u00f3n-de-la-organizaci\u00f3n-Sectigo-300x210.png\" alt=\"\" width=\"300\" height=\"210\" srcset=\"https:\/\/recursosytecnologia.com.co\/wp-content\/uploads\/2020\/05\/Certificados-de-validaci\u00f3n-de-la-organizaci\u00f3n-Sectigo-300x210.png 300w, https:\/\/recursosytecnologia.com.co\/wp-content\/uploads\/2020\/05\/Certificados-de-validaci\u00f3n-de-la-organizaci\u00f3n-Sectigo-768x537.png 768w, https:\/\/recursosytecnologia.com.co\/wp-content\/uploads\/2020\/05\/Certificados-de-validaci\u00f3n-de-la-organizaci\u00f3n-Sectigo-1024x717.png 1024w, https:\/\/recursosytecnologia.com.co\/wp-content\/uploads\/2020\/05\/Certificados-de-validaci\u00f3n-de-la-organizaci\u00f3n-Sectigo.png 1379w\" sizes=\"auto, (max-width: 300px) 100vw, 300px\" \/> <img loading=\"lazy\" decoding=\"async\" class=\"alignnone size-medium wp-image-304\" src=\"https:\/\/recursosytecnologia.com.co\/wp-content\/uploads\/2020\/05\/Certificados-de-validaci\u00f3n-extendida-de-Sectigo-300x217.png\" alt=\"\" width=\"300\" height=\"217\" srcset=\"https:\/\/recursosytecnologia.com.co\/wp-content\/uploads\/2020\/05\/Certificados-de-validaci\u00f3n-extendida-de-Sectigo-300x217.png 300w, https:\/\/recursosytecnologia.com.co\/wp-content\/uploads\/2020\/05\/Certificados-de-validaci\u00f3n-extendida-de-Sectigo-768x556.png 768w, https:\/\/recursosytecnologia.com.co\/wp-content\/uploads\/2020\/05\/Certificados-de-validaci\u00f3n-extendida-de-Sectigo-1024x741.png 1024w, https:\/\/recursosytecnologia.com.co\/wp-content\/uploads\/2020\/05\/Certificados-de-validaci\u00f3n-extendida-de-Sectigo.png 1376w\" sizes=\"auto, (max-width: 300px) 100vw, 300px\" \/> <a href=\"https:\/\/recursosytecnologia.com.co\/wp-content\/uploads\/2020\/05\/VALIDACION-EXTENDIDA.jpg\"><img loading=\"lazy\" decoding=\"async\" class=\"alignnone wp-image-309 size-medium\" src=\"https:\/\/recursosytecnologia.com.co\/wp-content\/uploads\/2020\/05\/VALIDACION-EXTENDIDA-300x217.jpg\" alt=\"\" width=\"300\" height=\"217\" srcset=\"https:\/\/recursosytecnologia.com.co\/wp-content\/uploads\/2020\/05\/VALIDACION-EXTENDIDA-300x217.jpg 300w, https:\/\/recursosytecnologia.com.co\/wp-content\/uploads\/2020\/05\/VALIDACION-EXTENDIDA-768x556.jpg 768w, https:\/\/recursosytecnologia.com.co\/wp-content\/uploads\/2020\/05\/VALIDACION-EXTENDIDA-1024x741.jpg 1024w, https:\/\/recursosytecnologia.com.co\/wp-content\/uploads\/2020\/05\/VALIDACION-EXTENDIDA.jpg 1376w\" sizes=\"auto, (max-width: 300px) 100vw, 300px\" \/><\/a><img loading=\"lazy\" decoding=\"async\" class=\"alignnone size-medium wp-image-304\" src=\"https:\/\/recursosytecnologia.com.co\/wp-content\/uploads\/2020\/05\/Certificados-de-validaci\u00f3n-extendida-de-Sectigo-300x217.png\" alt=\"\" width=\"300\" height=\"217\" srcset=\"https:\/\/recursosytecnologia.com.co\/wp-content\/uploads\/2020\/05\/Certificados-de-validaci\u00f3n-extendida-de-Sectigo-300x217.png 300w, https:\/\/recursosytecnologia.com.co\/wp-content\/uploads\/2020\/05\/Certificados-de-validaci\u00f3n-extendida-de-Sectigo-768x556.png 768w, https:\/\/recursosytecnologia.com.co\/wp-content\/uploads\/2020\/05\/Certificados-de-validaci\u00f3n-extendida-de-Sectigo-1024x741.png 1024w, https:\/\/recursosytecnologia.com.co\/wp-content\/uploads\/2020\/05\/Certificados-de-validaci\u00f3n-extendida-de-Sectigo.png 1376w\" sizes=\"auto, (max-width: 300px) 100vw, 300px\" \/><\/p><p>Precio en Dolares*<\/p><\/div>\n\t\t\t\t<\/div>\n\t\t\t\t\t\t\t<div class=\"elementor-toggle-item\">\n\t\t\t\t\t<div id=\"elementor-tab-title-1242\" class=\"elementor-tab-title\" data-tab=\"2\" role=\"tab\" aria-controls=\"elementor-tab-content-1242\">\n\t\t\t\t\t\t\t\t\t\t\t\t<span class=\"elementor-toggle-icon elementor-toggle-icon-left\" aria-hidden=\"true\">\n\t\t\t\t\t\t\t\t\t\t\t\t\t\t\t<span class=\"elementor-toggle-icon-closed\"><i class=\"fas fa-caret-right\"><\/i><\/span>\n\t\t\t\t\t\t\t\t<span class=\"elementor-toggle-icon-opened\"><i class=\"elementor-toggle-icon-opened fas fa-caret-up\"><\/i><\/span>\n\t\t\t\t\t\t\t\t\t\t\t\t\t<\/span>\n\t\t\t\t\t\t\t\t\t\t\t\t<a href=\"\" class=\"elementor-toggle-title\">Validaci\u00f3n de organizaci\u00f3n (OV) SSL<\/a>\n\t\t\t\t\t<\/div>\n\t\t\t\t\t<div id=\"elementor-tab-content-1242\" class=\"elementor-tab-content elementor-clearfix\" data-tab=\"2\" role=\"tabpanel\" aria-labelledby=\"elementor-tab-title-1242\"><p>Certificados totalmente autenticados para establecer confianza con los visitantes del sitio.<\/p><p><a href=\"https:\/\/recursosytecnologia.com.co\/wp-content\/uploads\/2020\/05\/OV.jpg\"><img loading=\"lazy\" decoding=\"async\" class=\"alignnone wp-image-310 size-medium\" src=\"https:\/\/recursosytecnologia.com.co\/wp-content\/uploads\/2020\/05\/OV-300x210.jpg\" alt=\"\" width=\"300\" height=\"210\" srcset=\"https:\/\/recursosytecnologia.com.co\/wp-content\/uploads\/2020\/05\/OV-300x210.jpg 300w, https:\/\/recursosytecnologia.com.co\/wp-content\/uploads\/2020\/05\/OV-768x537.jpg 768w, https:\/\/recursosytecnologia.com.co\/wp-content\/uploads\/2020\/05\/OV-1024x717.jpg 1024w, https:\/\/recursosytecnologia.com.co\/wp-content\/uploads\/2020\/05\/OV.jpg 1379w\" sizes=\"auto, (max-width: 300px) 100vw, 300px\" \/><\/a><\/p><p>Precio en Dolares*<\/p><\/div>\n\t\t\t\t<\/div>\n\t\t\t\t\t\t\t<div class=\"elementor-toggle-item\">\n\t\t\t\t\t<div id=\"elementor-tab-title-1243\" class=\"elementor-tab-title\" data-tab=\"3\" role=\"tab\" aria-controls=\"elementor-tab-content-1243\">\n\t\t\t\t\t\t\t\t\t\t\t\t<span class=\"elementor-toggle-icon elementor-toggle-icon-left\" aria-hidden=\"true\">\n\t\t\t\t\t\t\t\t\t\t\t\t\t\t\t<span class=\"elementor-toggle-icon-closed\"><i class=\"fas fa-caret-right\"><\/i><\/span>\n\t\t\t\t\t\t\t\t<span class=\"elementor-toggle-icon-opened\"><i class=\"elementor-toggle-icon-opened fas fa-caret-up\"><\/i><\/span>\n\t\t\t\t\t\t\t\t\t\t\t\t\t<\/span>\n\t\t\t\t\t\t\t\t\t\t\t\t<a href=\"\" class=\"elementor-toggle-title\">Validaci\u00f3n de dominio (DV) SSL<\/a>\n\t\t\t\t\t<\/div>\n\t\t\t\t\t<div id=\"elementor-tab-content-1243\" class=\"elementor-tab-content elementor-clearfix\" data-tab=\"3\" role=\"tabpanel\" aria-labelledby=\"elementor-tab-title-1243\"><p>Los certificados SSL m\u00e1s r\u00e1pidos y f\u00e1ciles para habilitar el cifrado y eliminar las advertencias de seguridad de su sitio<\/p><p><img loading=\"lazy\" decoding=\"async\" class=\"alignnone size-medium wp-image-302\" src=\"https:\/\/recursosytecnologia.com.co\/wp-content\/uploads\/2020\/05\/Certificados-de-validaci\u00f3n-de-dominio-Sectigo-300x202.png\" alt=\"\" width=\"300\" height=\"202\" srcset=\"https:\/\/recursosytecnologia.com.co\/wp-content\/uploads\/2020\/05\/Certificados-de-validaci\u00f3n-de-dominio-Sectigo-300x202.png 300w, https:\/\/recursosytecnologia.com.co\/wp-content\/uploads\/2020\/05\/Certificados-de-validaci\u00f3n-de-dominio-Sectigo-768x517.png 768w, https:\/\/recursosytecnologia.com.co\/wp-content\/uploads\/2020\/05\/Certificados-de-validaci\u00f3n-de-dominio-Sectigo-1024x690.png 1024w, https:\/\/recursosytecnologia.com.co\/wp-content\/uploads\/2020\/05\/Certificados-de-validaci\u00f3n-de-dominio-Sectigo.png 1376w\" sizes=\"auto, (max-width: 300px) 100vw, 300px\" \/> <a href=\"https:\/\/recursosytecnologia.com.co\/wp-content\/uploads\/2020\/05\/vd.jpg\"><img loading=\"lazy\" decoding=\"async\" class=\"alignnone wp-image-312 size-medium\" src=\"https:\/\/recursosytecnologia.com.co\/wp-content\/uploads\/2020\/05\/vd-300x202.jpg\" alt=\"\" width=\"300\" height=\"202\" srcset=\"https:\/\/recursosytecnologia.com.co\/wp-content\/uploads\/2020\/05\/vd-300x202.jpg 300w, https:\/\/recursosytecnologia.com.co\/wp-content\/uploads\/2020\/05\/vd-768x517.jpg 768w, https:\/\/recursosytecnologia.com.co\/wp-content\/uploads\/2020\/05\/vd-1024x690.jpg 1024w, https:\/\/recursosytecnologia.com.co\/wp-content\/uploads\/2020\/05\/vd.jpg 1376w\" sizes=\"auto, (max-width: 300px) 100vw, 300px\" \/><\/a>\u00a0<br \/>Precios en dolares*<\/p><\/div>\n\t\t\t\t<\/div>\n\t\t\t\t\t\t\t<div class=\"elementor-toggle-item\">\n\t\t\t\t\t<div id=\"elementor-tab-title-1244\" class=\"elementor-tab-title\" data-tab=\"4\" role=\"tab\" aria-controls=\"elementor-tab-content-1244\">\n\t\t\t\t\t\t\t\t\t\t\t\t<span class=\"elementor-toggle-icon elementor-toggle-icon-left\" aria-hidden=\"true\">\n\t\t\t\t\t\t\t\t\t\t\t\t\t\t\t<span class=\"elementor-toggle-icon-closed\"><i class=\"fas fa-caret-right\"><\/i><\/span>\n\t\t\t\t\t\t\t\t<span class=\"elementor-toggle-icon-opened\"><i class=\"elementor-toggle-icon-opened fas fa-caret-up\"><\/i><\/span>\n\t\t\t\t\t\t\t\t\t\t\t\t\t<\/span>\n\t\t\t\t\t\t\t\t\t\t\t\t<a href=\"\" class=\"elementor-toggle-title\">SSL Wildcard<\/a>\n\t\t\t\t\t<\/div>\n\t\t\t\t\t<div id=\"elementor-tab-content-1244\" class=\"elementor-tab-content elementor-clearfix\" data-tab=\"4\" role=\"tabpanel\" aria-labelledby=\"elementor-tab-title-1244\"><p>Asegure su dominio principal y subdominios ilimitados bajo un solo certificado con los certificados SSL de Sectigo Wildcard.<\/p><p><a href=\"https:\/\/recursosytecnologia.com.co\/wp-content\/uploads\/2020\/05\/Certificados-SSL-Sectigo-Wildcard.png\"><img loading=\"lazy\" decoding=\"async\" class=\"alignnone wp-image-306 size-medium\" src=\"https:\/\/recursosytecnologia.com.co\/wp-content\/uploads\/2020\/05\/Certificados-SSL-Sectigo-Wildcard-300x205.png\" alt=\"\" width=\"300\" height=\"205\" srcset=\"https:\/\/recursosytecnologia.com.co\/wp-content\/uploads\/2020\/05\/Certificados-SSL-Sectigo-Wildcard-300x205.png 300w, https:\/\/recursosytecnologia.com.co\/wp-content\/uploads\/2020\/05\/Certificados-SSL-Sectigo-Wildcard-768x524.png 768w, https:\/\/recursosytecnologia.com.co\/wp-content\/uploads\/2020\/05\/Certificados-SSL-Sectigo-Wildcard-1024x699.png 1024w, https:\/\/recursosytecnologia.com.co\/wp-content\/uploads\/2020\/05\/Certificados-SSL-Sectigo-Wildcard.png 1377w\" sizes=\"auto, (max-width: 300px) 100vw, 300px\" \/><\/a><\/p><p>Precio en dolares*<\/p><\/div>\n\t\t\t\t<\/div>\n\t\t\t\t\t\t\t<div class=\"elementor-toggle-item\">\n\t\t\t\t\t<div id=\"elementor-tab-title-1245\" class=\"elementor-tab-title\" data-tab=\"5\" role=\"tab\" aria-controls=\"elementor-tab-content-1245\">\n\t\t\t\t\t\t\t\t\t\t\t\t<span class=\"elementor-toggle-icon elementor-toggle-icon-left\" aria-hidden=\"true\">\n\t\t\t\t\t\t\t\t\t\t\t\t\t\t\t<span class=\"elementor-toggle-icon-closed\"><i class=\"fas fa-caret-right\"><\/i><\/span>\n\t\t\t\t\t\t\t\t<span class=\"elementor-toggle-icon-opened\"><i class=\"elementor-toggle-icon-opened fas fa-caret-up\"><\/i><\/span>\n\t\t\t\t\t\t\t\t\t\t\t\t\t<\/span>\n\t\t\t\t\t\t\t\t\t\t\t\t<a href=\"\" class=\"elementor-toggle-title\">SSL multidominio<\/a>\n\t\t\t\t\t<\/div>\n\t\t\t\t\t<div id=\"elementor-tab-content-1245\" class=\"elementor-tab-content elementor-clearfix\" data-tab=\"5\" role=\"tabpanel\" aria-labelledby=\"elementor-tab-title-1245\"><div class=\"container mx-auto px-12 relative z-20\"><div class=\"rich-text max-w-md text-white text-lg lg:text-2xl font-regular leading-normal pt-3 md:pt-6\"><p>Asegure hasta 100 nombres de dominio con un solo certificado.<\/p><p><a href=\"https:\/\/recursosytecnologia.com.co\/wp-content\/uploads\/2020\/05\/Certificados-Sectigo-Multi-Domain-UCC-SSL.png\"><img loading=\"lazy\" decoding=\"async\" class=\"alignnone wp-image-305 size-medium\" src=\"https:\/\/recursosytecnologia.com.co\/wp-content\/uploads\/2020\/05\/Certificados-Sectigo-Multi-Domain-UCC-SSL-300x217.png\" alt=\"\" width=\"300\" height=\"217\" srcset=\"https:\/\/recursosytecnologia.com.co\/wp-content\/uploads\/2020\/05\/Certificados-Sectigo-Multi-Domain-UCC-SSL-300x217.png 300w, https:\/\/recursosytecnologia.com.co\/wp-content\/uploads\/2020\/05\/Certificados-Sectigo-Multi-Domain-UCC-SSL-768x555.png 768w, https:\/\/recursosytecnologia.com.co\/wp-content\/uploads\/2020\/05\/Certificados-Sectigo-Multi-Domain-UCC-SSL-1024x740.png 1024w, https:\/\/recursosytecnologia.com.co\/wp-content\/uploads\/2020\/05\/Certificados-Sectigo-Multi-Domain-UCC-SSL.png 1377w\" sizes=\"auto, (max-width: 300px) 100vw, 300px\" \/><\/a><\/p><p>Precio en dolares*<\/p><\/div><\/div><\/div>\n\t\t\t\t<\/div>\n\t\t\t\t\t<\/div>\n\t\t\t\t<\/div>\n\t\t\t\t<\/div>\n\t\t\t\t\t\t<\/div>\n\t\t\t\t\t<\/div>\n\t\t<\/div>\n\t\t\t\t\t\t\t\t<\/div>\n\t\t\t\t\t<\/div>\n\t\t<\/section>\n\t\t\t\t\t\t<\/div>\n\t\t\t\t\t<\/div>\n\t\t<\/div>\n\t\t\t\t\t\t\t\t<\/div>\n\t\t\t\t\t<\/div>\n\t\t<\/section>\n\t\t\t\t<section class=\"elementor-section elementor-top-section elementor-element elementor-element-888d57c elementor-section-boxed elementor-section-height-default elementor-section-height-default\" data-id=\"888d57c\" data-element_type=\"section\" data-settings=\"{&quot;background_background&quot;:&quot;classic&quot;}\">\n\t\t\t\t\t\t<div class=\"elementor-container elementor-column-gap-default\">\n\t\t\t\t\t\t\t<div class=\"elementor-row\">\n\t\t\t\t\t<div class=\"elementor-column elementor-col-100 elementor-top-column elementor-element elementor-element-a8910d2\" data-id=\"a8910d2\" data-element_type=\"column\">\n\t\t\t<div class=\"elementor-column-wrap elementor-element-populated\">\n\t\t\t\t\t\t\t<div class=\"elementor-widget-wrap\">\n\t\t\t\t\t\t<div class=\"elementor-element elementor-element-33f85ce elementor-widget elementor-widget-text-editor\" data-id=\"33f85ce\" data-element_type=\"widget\" data-widget_type=\"text-editor.default\">\n\t\t\t\t<div class=\"elementor-widget-container\">\n\t\t\t\t\t<div class=\"elementor-text-editor elementor-clearfix\"><p class=\"font-light text-sectigo-green\" style=\"text-align: center;\">Obtenga soluciones l\u00edderes en la industria para su negocio en l\u00ednea<\/p><\/div>\n\t\t\t\t<\/div>\n\t\t\t\t<\/div>\n\t\t\t\t<div class=\"elementor-element elementor-element-d701572 elementor-widget elementor-widget-text-editor\" data-id=\"d701572\" data-element_type=\"widget\" data-widget_type=\"text-editor.default\">\n\t\t\t\t<div class=\"elementor-widget-container\">\n\t\t\t\t\t<div class=\"elementor-text-editor elementor-clearfix\"><p class=\"font-light text-sectigo-green\" style=\"text-align: center;\">Con soluciones de clase mundial que identifican, previenen y combaten las amenazas basadas en la web, Sectigo ayuda a las empresas a proteger a sus clientes y alcanzar sus objetivos.<\/p><\/div>\n\t\t\t\t<\/div>\n\t\t\t\t<\/div>\n\t\t\t\t<div class=\"elementor-element elementor-element-056a0c8 elementor-align-center elementor-widget elementor-widget-button\" data-id=\"056a0c8\" data-element_type=\"widget\" data-widget_type=\"button.default\">\n\t\t\t\t<div class=\"elementor-widget-container\">\n\t\t\t\t\t<div class=\"elementor-button-wrapper\">\n\t\t\t<a href=\"https:\/\/api.whatsapp.com\/send?phone=573164308339\" class=\"elementor-button-link elementor-button elementor-size-lg\" role=\"button\">\n\t\t\t\t\t\t<span class=\"elementor-button-content-wrapper\">\n\t\t\t\t\t\t<span class=\"elementor-button-text\">Cont\u00e1ctenos<\/span>\n\t\t<\/span>\n\t\t\t\t\t<\/a>\n\t\t<\/div>\n\t\t\t\t<\/div>\n\t\t\t\t<\/div>\n\t\t\t\t\t\t<\/div>\n\t\t\t\t\t<\/div>\n\t\t<\/div>\n\t\t\t\t\t\t\t\t<\/div>\n\t\t\t\t\t<\/div>\n\t\t<\/section>\n\t\t\t\t\t\t<\/div>\n\t\t\t\t\t\t<\/div>\n\t\t\t\t\t<\/div>\n\t\t","protected":false},"excerpt":{"rendered":"<p>Seguro hoy Aprovecha el ma\u00f1ana Certificados Digitales que cumplen con los m\u00e1s altos est\u00e1ndares de seguridad CERTIFICADOS SSL \u00a1Asegure su sitio web hoy! SSL de validaci\u00f3n extendida (EV) Agregue el nombre de su empresa a la interfaz del navegador en la barra de direcciones de marca habilitada por EV SSL. Aumente la confianza del usuario [&hellip;]<\/p>\n","protected":false},"author":1,"featured_media":0,"parent":0,"menu_order":0,"comment_status":"closed","ping_status":"closed","template":"elementor_canvas","meta":{"_joinchat":[],"footnotes":""},"class_list":["post-247","page","type-page","status-publish","hentry","entry"],"_links":{"self":[{"href":"https:\/\/recursosytecnologia.com.co\/index.php\/wp-json\/wp\/v2\/pages\/247","targetHints":{"allow":["GET"]}}],"collection":[{"href":"https:\/\/recursosytecnologia.com.co\/index.php\/wp-json\/wp\/v2\/pages"}],"about":[{"href":"https:\/\/recursosytecnologia.com.co\/index.php\/wp-json\/wp\/v2\/types\/page"}],"author":[{"embeddable":true,"href":"https:\/\/recursosytecnologia.com.co\/index.php\/wp-json\/wp\/v2\/users\/1"}],"replies":[{"embeddable":true,"href":"https:\/\/recursosytecnologia.com.co\/index.php\/wp-json\/wp\/v2\/comments?post=247"}],"version-history":[{"count":39,"href":"https:\/\/recursosytecnologia.com.co\/index.php\/wp-json\/wp\/v2\/pages\/247\/revisions"}],"predecessor-version":[{"id":2393,"href":"https:\/\/recursosytecnologia.com.co\/index.php\/wp-json\/wp\/v2\/pages\/247\/revisions\/2393"}],"wp:attachment":[{"href":"https:\/\/recursosytecnologia.com.co\/index.php\/wp-json\/wp\/v2\/media?parent=247"}],"curies":[{"name":"wp","href":"https:\/\/api.w.org\/{rel}","templated":true}]}}